{"id":140,"date":"2014-09-18T16:22:47","date_gmt":"2014-09-18T14:22:47","guid":{"rendered":"http:\/\/pivotwp.wpengine.com\/?page_id=140"},"modified":"2016-07-07T12:04:27","modified_gmt":"2016-07-07T10:04:27","slug":"home","status":"publish","type":"page","link":"https:\/\/bioenvasoseuropa.com\/es\/","title":{"rendered":"Inicio"},"content":{"rendered":"<p><div class=\"row\"><a href=\"#\" id=\"welcome\" class=\"in-page-link\"><\/a><section class=\"side-image text-heavy clearfix dark-wrapper\">\n\t\t\t\t\t<div class=\"image-container col-md-5 col-sm-3 pull-left\">\n\t\t\t\t\t\t<div class=\"background-image-holder\">\n\t\t\t\t\t\t\t<img decoding=\"async\" class=\"background-image\" alt=\"Background Image\" src=\"https:\/\/bioenvasoseuropa.com\/wp-content\/uploads\/DSC_1700.jpg\">\n\t\t\t\t\t\t<\/div>\n\t\t\t\t\t<\/div>\n\t\t\t\t\t\n\t\t\t\t\t<div class=\"container\">\n\t\t\t\t\t\t<div class=\"row\">\n\t\t\t\t\t\t    <div class=\"col-md-6 col-md-offset-6 col-sm-8 col-sm-offset-4 content clearfix\">\n\t\t\t\t\t\t    \t<div class=\"row\"><div id=\"aq-block-1016-2\" class=\"aq-block aq-block-aq_section_title_block col-sm-12 aq-first aq-last \"><div class=\"\"><h1 class=\"\">Bio-Envasos Europa<\/h1><\/div><div class=\"lead  \"><p>Somos la empresa que comercializa los productos de su partner TECNO\u00a0en\u00a0Catalu\u00f1a. Contamos m\u00e1s de 20 a\u00f1os en el mercado al servicio de los clientes m\u00e1s exigentes.\u00a0Tenemos como objetivo la plena satisfacci\u00f3n de las necesidades de nuestros clientes en el campo del embalaje alimentario, comercial e industrial, con un amplio abanico de productos y\u00a0con una gran experiencia durante todos estos a\u00f1os en el mercado catal\u00e1n.<\/p>\n<p><a href=\"https:\/\/bioenvasoseuropa.com\/es\/catalogo\/\" class=\"btn btn-primary btn-filled\" target=\"default\">Consulta nuestro cat\u00e1logo<\/a><\/p>\n<\/div><\/div><\/div><\/div><\/section><a href=\"#\" id=\"productes\" class=\"in-page-link\"><\/a><section class=\"aq-block light-wrapper\"><div class=\"container\"><div class=\"row\"><div id=\"aq-block-1016-4\" class=\"aq-block aq-block-aq_section_title_block col-sm-12 aq-first aq-last \"><div class=\"text-center\"><h1 class=\"\">Productos<\/h1><\/div><\/div><div id=\"aq-block-1016-5\" class=\"aq-block aq-block-aq_portfolio_block col-sm-12 aq-first aq-last \">\t\n\t\t<section class=\"no-pad-bottom projects-gallery\">\n\t\t\t<div class=\"projects-wrapper clearfix\">\n\t\t\t\n\t\t\t\t\t\t\n\t\t\t\t\t\t\t\t\n\t\t\t\t\t<div class=\"projects-container\">\n\t\t\t\t\t\n\t\t\t\t\t\t<div id=\"portfolio-992\" class=\"col-md-3 col-sm-6 no-pad project image-holder productes\">\n\n\t<div class=\"background-image-holder\">\n\t\t<img loading=\"lazy\" decoding=\"async\" width=\"1200\" height=\"800\" src=\"https:\/\/bioenvasoseuropa.com\/wp-content\/uploads\/DSC_0646.jpg\" class=\"background-image wp-post-image\" alt=\"Parafinados, Kraft, reciclados y plastificados\" srcset=\"https:\/\/bioenvasoseuropa.com\/wp-content\/uploads\/DSC_0646.jpg 1200w, https:\/\/bioenvasoseuropa.com\/wp-content\/uploads\/DSC_0646-300x200.jpg 300w, https:\/\/bioenvasoseuropa.com\/wp-content\/uploads\/DSC_0646-768x512.jpg 768w, https:\/\/bioenvasoseuropa.com\/wp-content\/uploads\/DSC_0646-1024x683.jpg 1024w, https:\/\/bioenvasoseuropa.com\/wp-content\/uploads\/DSC_0646-600x400.jpg 600w\" sizes=\"auto, (max-width: 1200px) 100vw, 1200px\" \/>\t<\/div>\n\t\n\t<div class=\"hover-state\">\n\t\t<div class=\"align-vertical text-center\">\n\t\t\t<h1 class=\"text-white\"><strong>Papel alimentario<\/strong><\/h1>\t\t\t<p class=\"text-white ebor-limit-width\">BIO-ENVASOS EUROPA es una empresa especializada en papel alimentario, principalmente en plastificados. Los papeles se...<\/p>\n\t\t\t<a href=\"https:\/\/bioenvasoseuropa.com\/es\/portfolio\/papers\/\" class=\"btn btn-primary btn-white\">\n\t\t\t\tVer producto\t\t\t<\/a>\n\t\t<\/div>\n\t<\/div>\n\t\n<\/div><div id=\"portfolio-1150\" class=\"col-md-3 col-sm-6 no-pad project image-holder productes\">\n\n\t<div class=\"background-image-holder\">\n\t\t<img loading=\"lazy\" decoding=\"async\" width=\"1200\" height=\"800\" src=\"https:\/\/bioenvasoseuropa.com\/wp-content\/uploads\/Bosses-safates-compostables.jpg\" class=\"background-image wp-post-image\" alt=\"\" srcset=\"https:\/\/bioenvasoseuropa.com\/wp-content\/uploads\/Bosses-safates-compostables.jpg 1200w, https:\/\/bioenvasoseuropa.com\/wp-content\/uploads\/Bosses-safates-compostables-300x200.jpg 300w, https:\/\/bioenvasoseuropa.com\/wp-content\/uploads\/Bosses-safates-compostables-768x512.jpg 768w, https:\/\/bioenvasoseuropa.com\/wp-content\/uploads\/Bosses-safates-compostables-1024x683.jpg 1024w, https:\/\/bioenvasoseuropa.com\/wp-content\/uploads\/Bosses-safates-compostables-600x400.jpg 600w\" sizes=\"auto, (max-width: 1200px) 100vw, 1200px\" \/>\t<\/div>\n\t\n\t<div class=\"hover-state\">\n\t\t<div class=\"align-vertical text-center\">\n\t\t\t<h1 class=\"text-white\"><strong>Compostable<\/strong><\/h1>\t\t\t<p class=\"text-white ebor-limit-width\">BIO-ENVASOS EUROPA\u00a0apuesta por materiales compostables para mantenerse fiel a su compromiso con el medio ambiente....<\/p>\n\t\t\t<a href=\"https:\/\/bioenvasoseuropa.com\/es\/portfolio\/compostable\/\" class=\"btn btn-primary btn-white\">\n\t\t\t\tVer producto\t\t\t<\/a>\n\t\t<\/div>\n\t<\/div>\n\t\n<\/div><div id=\"portfolio-60\" class=\"col-md-3 col-sm-6 no-pad project image-holder productes\">\n\n\t<div class=\"background-image-holder\">\n\t\t<img loading=\"lazy\" decoding=\"async\" width=\"2000\" height=\"1481\" src=\"https:\/\/bioenvasoseuropa.com\/wp-content\/uploads\/DSC_4624.jpg\" class=\"background-image wp-post-image\" alt=\"Bolsa camiseta\" srcset=\"https:\/\/bioenvasoseuropa.com\/wp-content\/uploads\/DSC_4624.jpg 2000w, https:\/\/bioenvasoseuropa.com\/wp-content\/uploads\/DSC_4624-300x222.jpg 300w, https:\/\/bioenvasoseuropa.com\/wp-content\/uploads\/DSC_4624-768x569.jpg 768w, https:\/\/bioenvasoseuropa.com\/wp-content\/uploads\/DSC_4624-1024x758.jpg 1024w\" sizes=\"auto, (max-width: 2000px) 100vw, 2000px\" \/>\t<\/div>\n\t\n\t<div class=\"hover-state\">\n\t\t<div class=\"align-vertical text-center\">\n\t\t\t<h1 class=\"text-white\"><strong>Bolsas camiseta y alta densidad<\/strong><\/h1>\t\t\t<p class=\"text-white ebor-limit-width\">La bolsa de camiseta se fabrica en diferentes tama\u00f1os, galgas y colores de material. Adem\u00e1s,...<\/p>\n\t\t\t<a href=\"https:\/\/bioenvasoseuropa.com\/es\/portfolio\/a-standard-project\/\" class=\"btn btn-primary btn-white\">\n\t\t\t\tVer producto\t\t\t<\/a>\n\t\t<\/div>\n\t<\/div>\n\t\n<\/div><div id=\"portfolio-125\" class=\"col-md-3 col-sm-6 no-pad project image-holder productes\">\n\n\t<div class=\"background-image-holder\">\n\t\t<img loading=\"lazy\" decoding=\"async\" width=\"1200\" height=\"800\" src=\"https:\/\/bioenvasoseuropa.com\/wp-content\/uploads\/DSC_0738.jpg\" class=\"background-image wp-post-image\" alt=\"Tecasc y bolsas impresas al vac\u00edo\" srcset=\"https:\/\/bioenvasoseuropa.com\/wp-content\/uploads\/DSC_0738.jpg 1200w, https:\/\/bioenvasoseuropa.com\/wp-content\/uploads\/DSC_0738-300x200.jpg 300w, https:\/\/bioenvasoseuropa.com\/wp-content\/uploads\/DSC_0738-768x512.jpg 768w, https:\/\/bioenvasoseuropa.com\/wp-content\/uploads\/DSC_0738-1024x683.jpg 1024w, https:\/\/bioenvasoseuropa.com\/wp-content\/uploads\/DSC_0738-600x400.jpg 600w\" sizes=\"auto, (max-width: 1200px) 100vw, 1200px\" \/>\t<\/div>\n\t\n\t<div class=\"hover-state\">\n\t\t<div class=\"align-vertical text-center\">\n\t\t\t<h1 class=\"text-white\"><strong>Tecsac y bolsas al vac\u00edo<\/strong><\/h1>\t\t\t<p class=\"text-white ebor-limit-width\">Son bolsas ideales para charcuter\u00eda, para dispensar los productos en mejores condiciones. Cada d\u00eda son...<\/p>\n\t\t\t<a href=\"https:\/\/bioenvasoseuropa.com\/es\/portfolio\/advanced-project-1\/\" class=\"btn btn-primary btn-white\">\n\t\t\t\tVer producto\t\t\t<\/a>\n\t\t<\/div>\n\t<\/div>\n\t\n<\/div><div id=\"portfolio-993\" class=\"col-md-3 col-sm-6 no-pad project image-holder productes\">\n\n\t<div class=\"background-image-holder\">\n\t\t<img loading=\"lazy\" decoding=\"async\" width=\"4288\" height=\"2859\" src=\"https:\/\/bioenvasoseuropa.com\/wp-content\/uploads\/DSC_3819.jpg\" class=\"background-image wp-post-image\" alt=\"Bandeja para termosellar\" srcset=\"https:\/\/bioenvasoseuropa.com\/wp-content\/uploads\/DSC_3819.jpg 4288w, https:\/\/bioenvasoseuropa.com\/wp-content\/uploads\/DSC_3819-300x200.jpg 300w, https:\/\/bioenvasoseuropa.com\/wp-content\/uploads\/DSC_3819-768x512.jpg 768w, https:\/\/bioenvasoseuropa.com\/wp-content\/uploads\/DSC_3819-1024x683.jpg 1024w, https:\/\/bioenvasoseuropa.com\/wp-content\/uploads\/DSC_3819-600x400.jpg 600w\" sizes=\"auto, (max-width: 4288px) 100vw, 4288px\" \/>\t<\/div>\n\t\n\t<div class=\"hover-state\">\n\t\t<div class=\"align-vertical text-center\">\n\t\t\t<h1 class=\"text-white\"><strong>Bandejas<\/strong><\/h1>\t\t\t<p class=\"text-white ebor-limit-width\">BIO-ENVASOS EUROPA distribuye y comercializa gran variedad de bandejas para diferentes usos en el sector...<\/p>\n\t\t\t<a href=\"https:\/\/bioenvasoseuropa.com\/es\/portfolio\/safates\/\" class=\"btn btn-primary btn-white\">\n\t\t\t\tVer producto\t\t\t<\/a>\n\t\t<\/div>\n\t<\/div>\n\t\n<\/div><div id=\"portfolio-619\" class=\"col-md-3 col-sm-6 no-pad project image-holder productes\">\n\n\t<div class=\"background-image-holder\">\n\t\t<img loading=\"lazy\" decoding=\"async\" width=\"1600\" height=\"1067\" src=\"https:\/\/bioenvasoseuropa.com\/wp-content\/uploads\/DSC_4423.jpg\" class=\"background-image wp-post-image\" alt=\"Bolsa alargada para hornos\" srcset=\"https:\/\/bioenvasoseuropa.com\/wp-content\/uploads\/DSC_4423.jpg 1600w, https:\/\/bioenvasoseuropa.com\/wp-content\/uploads\/DSC_4423-300x200.jpg 300w, https:\/\/bioenvasoseuropa.com\/wp-content\/uploads\/DSC_4423-768x512.jpg 768w, https:\/\/bioenvasoseuropa.com\/wp-content\/uploads\/DSC_4423-1024x683.jpg 1024w, https:\/\/bioenvasoseuropa.com\/wp-content\/uploads\/DSC_4423-600x400.jpg 600w\" sizes=\"auto, (max-width: 1600px) 100vw, 1600px\" \/>\t<\/div>\n\t\n\t<div class=\"hover-state\">\n\t\t<div class=\"align-vertical text-center\">\n\t\t\t<h1 class=\"text-white\"><strong>Art\u00edculos para panader\u00edas y pasteler\u00edas<\/strong><\/h1>\t\t\t<p class=\"text-white ebor-limit-width\">BIO-ENVASOS EUROPA distribuye y comercializa todo tipo de art\u00edculos dirigidos a panader\u00edas y pasteler\u00edas, desde...<\/p>\n\t\t\t<a href=\"https:\/\/bioenvasoseuropa.com\/es\/portfolio\/an-images-project\/\" class=\"btn btn-primary btn-white\">\n\t\t\t\tVer producto\t\t\t<\/a>\n\t\t<\/div>\n\t<\/div>\n\t\n<\/div><div id=\"portfolio-127\" class=\"col-md-3 col-sm-6 no-pad project image-holder productes\">\n\n\t<div class=\"background-image-holder\">\n\t\t<img loading=\"lazy\" decoding=\"async\" width=\"2000\" height=\"1333\" src=\"https:\/\/bioenvasoseuropa.com\/wp-content\/uploads\/DSC_4436.jpg\" class=\"background-image wp-post-image\" alt=\"Bolsa de papel con asa retorcida\" srcset=\"https:\/\/bioenvasoseuropa.com\/wp-content\/uploads\/DSC_4436.jpg 2000w, https:\/\/bioenvasoseuropa.com\/wp-content\/uploads\/DSC_4436-300x200.jpg 300w, https:\/\/bioenvasoseuropa.com\/wp-content\/uploads\/DSC_4436-768x512.jpg 768w, https:\/\/bioenvasoseuropa.com\/wp-content\/uploads\/DSC_4436-1024x682.jpg 1024w, https:\/\/bioenvasoseuropa.com\/wp-content\/uploads\/DSC_4436-600x400.jpg 600w\" sizes=\"auto, (max-width: 2000px) 100vw, 2000px\" \/>\t<\/div>\n\t\n\t<div class=\"hover-state\">\n\t\t<div class=\"align-vertical text-center\">\n\t\t\t<h1 class=\"text-white\"><strong>Bolsas de papel y tela<\/strong><\/h1>\t\t\t<p class=\"text-white ebor-limit-width\">BIO-ENVASOS EUROPA comercializa una amplia gama de bolsas en diferentes calidades y materiales (papel, poli\u00e9ster,...<\/p>\n\t\t\t<a href=\"https:\/\/bioenvasoseuropa.com\/es\/portfolio\/advanced-project-2\/\" class=\"btn btn-primary btn-white\">\n\t\t\t\tVer producto\t\t\t<\/a>\n\t\t<\/div>\n\t<\/div>\n\t\n<\/div><div id=\"portfolio-618\" class=\"col-md-3 col-sm-6 no-pad project image-holder productes\">\n\n\t<div class=\"background-image-holder\">\n\t\t<img loading=\"lazy\" decoding=\"async\" width=\"1600\" height=\"1067\" src=\"https:\/\/bioenvasoseuropa.com\/wp-content\/uploads\/DSC_2936.jpg\" class=\"background-image wp-post-image\" alt=\"Surtido de productos TECNO\" srcset=\"https:\/\/bioenvasoseuropa.com\/wp-content\/uploads\/DSC_2936.jpg 1600w, https:\/\/bioenvasoseuropa.com\/wp-content\/uploads\/DSC_2936-300x200.jpg 300w, https:\/\/bioenvasoseuropa.com\/wp-content\/uploads\/DSC_2936-768x512.jpg 768w, https:\/\/bioenvasoseuropa.com\/wp-content\/uploads\/DSC_2936-1024x683.jpg 1024w, https:\/\/bioenvasoseuropa.com\/wp-content\/uploads\/DSC_2936-600x400.jpg 600w\" sizes=\"auto, (max-width: 1600px) 100vw, 1600px\" \/>\t<\/div>\n\t\n\t<div class=\"hover-state\">\n\t\t<div class=\"align-vertical text-center\">\n\t\t\t<h1 class=\"text-white\"><strong>Otros<\/strong><\/h1>\t\t\t<p class=\"text-white ebor-limit-width\">BIO-ENVASOS EUROPA es una empresa en constante crecimiento y renovaci\u00f3n. M\u00e1s all\u00e1 de la ampl\u00edsima...<\/p>\n\t\t\t<a href=\"https:\/\/bioenvasoseuropa.com\/es\/portfolio\/a-gallery-project\/\" class=\"btn btn-primary btn-white\">\n\t\t\t\tVer producto\t\t\t<\/a>\n\t\t<\/div>\n\t<\/div>\n\t\n<\/div>\t\t\t\t\t\n\t\t\t\t\t<\/div><!--end of projects-container-->\n\t\t\t\n\t\t\t\t\t\n\t\t\t<\/div><!--end of projects wrapper-->\n\t\t<\/section>\n\t\n\t<\/div><\/div><\/div><\/section><a href=\"#\" id=\"text-thirds\" class=\"in-page-link\"><\/a><section class=\"aq-block light-wrapper\"><div class=\"container\"><div class=\"row\"><div id=\"aq-block-1016-7\" class=\"aq-block aq-block-aq_ebor_text_block col-sm-4 aq-first \"><div class=\"feature feature-icon-large\"><div class=\"pull-left\"><i class=\"icon icon_group\"><\/i><\/div><div class=\"pull-right\"><h5><a href=\"https:\/\/bioenvasoseuropa.com\/es\/quienes-somos\/\">A tu servicio<\/a><\/h5><p style=\"text-align: left;\">Contamos con una extensa oferta y te prestamos un servicio personalizado y adaptado a todas las necesidades.<\/p>\n<p style=\"text-align: left;\">\u00a0<\/p>\n<\/div><\/div><\/div><div id=\"aq-block-1016-8\" class=\"aq-block aq-block-aq_ebor_text_block col-sm-4  \"><div class=\"ebor-align-vertical no-align-mobile\"><div class=\"feature feature-icon-large\"><div class=\"pull-left\"><i class=\"icon icon_search\"><\/i><\/div><div class=\"pull-right\"><h5><a href=\"https:\/\/bioenvasoseuropa.com\/es\/catalogo\/\">Tenemos lo que necesitas<\/a><\/h5><p style=\"text-align: left;\">Consulta nuestro cat\u00e1logo y recuerda que la mayor\u00eda de art\u00edculos se pueden personalizar con vuestras impresiones.<\/p>\n<\/div><\/div><\/div><\/div><div id=\"aq-block-1016-9\" class=\"aq-block aq-block-aq_ebor_text_block col-sm-4  aq-last \"><div class=\"feature feature-icon-large\"><div class=\"pull-left\"><i class=\"icon icon_chat_alt\"><\/i><\/div><div class=\"pull-right\"><h5><a href=\"https:\/\/bioenvasoseuropa.com\/es\/contacto\/\">Ll\u00e1manos<\/a><\/h5><p style=\"text-align: left;\">Ponte en contacto con nosotros y te ayudaremos a resolver todas aquellas dudas que te puedan surgir.<\/p>\n<\/div><\/div><\/div><\/div><\/div><\/section><a href=\"#\" id=\"productes-destacats\" class=\"in-page-link\"><\/a><section class=\"aq-block dark-wrapper\"><div class=\"container\"><div class=\"row\"><div id=\"aq-block-1016-11\" class=\"aq-block aq-block-aq_feature_box_block col-sm-6 aq-first \">\t\t\n\t\t<div class=\"feature-box\" onclick=\"location.href='https:\/\/bioenvasoseuropa.com\/es\/producto\/compostable\/';\" style=\"cursor:pointer;\">\n\t\t\n\t\t\t<div class=\"background-image-holder overlay\" >\n                \t<img decoding=\"async\" src=\"https:\/\/bioenvasoseuropa.com\/wp-content\/uploads\/Bosses-safates-compostables.jpg\" alt=\"Bandejas y bolsas compostables\" class=\"background-image\" \/>\n\t\t\t<\/div>\n\t\t\t\n\t\t\t<div class=\"inner\">\n\t\t\t\t<span class=\"alt-font text-white\">Compostables<\/span><h1 class=\"text-white\">Bandejas y bolsas compostables<\/h1>\t\t\t<\/div>\n\t\t\t\n\t\t<\/div>\n\t\t\n\t<\/div><div id=\"aq-block-1016-12\" class=\"aq-block aq-block-aq_feature_box_block col-sm-6  aq-last \">\t\t\n\t\t<div class=\"feature-box\" onclick=\"location.href='https:\/\/bioenvasoseuropa.com\/es\/producto\/papeles\/';\" style=\"cursor:pointer;\">\n\t\t\n\t\t\t<div class=\"background-image-holder overlay\" >\n                \t<img decoding=\"async\" src=\"https:\/\/bioenvasoseuropa.com\/wp-content\/uploads\/DSC_4467.jpg\" alt=\"Parafina Biotec Tecno\" class=\"background-image\" \/>\n\t\t\t<\/div>\n\t\t\t\n\t\t\t<div class=\"inner\">\n\t\t\t\t<span class=\"alt-font text-white\">Papel alimentario<\/span><h1 class=\"text-white\">Parafina Biotec Tecno<\/h1>\t\t\t<\/div>\n\t\t\t\n\t\t<\/div>\n\t\t\n\t<\/div><\/div><\/div><\/section><a href=\"#\" id=\"the-page-section-title\" class=\"in-page-link\"><\/a><section class=\"aq-block bg-secondary-1\"><div class=\"container\"><div class=\"row\"><div id=\"aq-block-1016-14\" class=\"aq-block aq-block-aq_ebor_text_block col-sm-12 aq-first aq-last \"><div class=\"feature\"><h1 class=\"text-white\">Bio-Envasos Europa cuenta con el sello de calidad OK COMPOST HOME e INDUSTRIAL<\/h1>\n<\/div><\/div><div id=\"aq-block-1016-15\" class=\"aq-block aq-block-aq_image_block col-sm-6 aq-first \">\t\t\n\t\t<div class=\"text-center\">\n\t\t\n\t\t\t\t\t\t\t<a href=\"https:\/\/bioenvasoseuropa.com\/wp-content\/uploads\/OK-COMPOST-HOME-1.pdf\">\n\t\t\t\t\t\t\n\t\t\t\t\t<img decoding=\"async\" src=\"https:\/\/bioenvasoseuropa.com\/wp-content\/uploads\/TA-OKH.png\" alt=\"aq_block_15\" \/>\n\t\t\t\n\t\t\t\t\t\t\t<\/a>\n\t\t\t\t\t\n\t\t<\/div>\n\t\t\n\t<\/div><div id=\"aq-block-1016-16\" class=\"aq-block aq-block-aq_image_block col-sm-6  aq-last \">\t\t\n\t\t<div class=\"text-center\">\n\t\t\n\t\t\t\t\t\t\t<a href=\"https:\/\/bioenvasoseuropa.com\/wp-content\/uploads\/TA8012004219_ES_Ed20210309.pdf\">\n\t\t\t\t\t\t\n\t\t\t\t\t<img decoding=\"async\" src=\"https:\/\/bioenvasoseuropa.com\/wp-content\/uploads\/ok-compost-200x100.png\" alt=\"aq_block_16\" \/>\n\t\t\t\n\t\t\t\t\t\t\t<\/a>\n\t\t\t\t\t\n\t\t<\/div>\n\t\t\n\t<\/div><\/div><\/div><\/section><\/div><\/p>","protected":false},"excerpt":{"rendered":"","protected":false},"author":1,"featured_media":0,"parent":0,"menu_order":0,"comment_status":"open","ping_status":"closed","template":"page_page_builder_full_width.php","meta":{"footnotes":""},"class_list":["post-140","page","type-page","status-publish","hentry"],"yoast_head":"<!-- This site is optimized with the Yoast SEO plugin v27.5 - https:\/\/yoast.com\/product\/yoast-seo-wordpress\/ -->\n<title>Inicio - Bio-Envasos Europa S.A.<\/title>\n<meta name=\"description\" content=\"Bio-Envasos Europa \u00e9s l&#039;empresa que comercialitza els productes del seu partner TECNO a Catalunya, en el camp de l\u2019embalatge alimentari, comercial i industrial, amb un ampli ventall de productes i amb una gran experi\u00e8ncia durant tots aquests anys en el mercat catal\u00e0.\" \/>\n<meta name=\"robots\" content=\"index, follow, max-snippet:-1, max-image-preview:large, max-video-preview:-1\" \/>\n<link rel=\"canonical\" href=\"https:\/\/bioenvasoseuropa.com\/es\/\" \/>\n<meta property=\"og:locale\" content=\"es_ES\" \/>\n<meta property=\"og:type\" content=\"article\" \/>\n<meta property=\"og:title\" content=\"Inicio - Bio-Envasos Europa S.A.\" \/>\n<meta property=\"og:description\" content=\"Bio-Envasos Europa \u00e9s l&#039;empresa que comercialitza els productes del seu partner TECNO a Catalunya, en el camp de l\u2019embalatge alimentari, comercial i industrial, amb un ampli ventall de productes i amb una gran experi\u00e8ncia durant tots aquests anys en el mercat catal\u00e0.\" \/>\n<meta property=\"og:url\" content=\"https:\/\/bioenvasoseuropa.com\/es\/\" \/>\n<meta property=\"og:site_name\" content=\"Bio-Envasos Europa S.A.\" \/>\n<meta property=\"article:modified_time\" content=\"2016-07-07T10:04:27+00:00\" \/>\n<meta name=\"twitter:card\" content=\"summary_large_image\" \/>\n<script type=\"application\/ld+json\" class=\"yoast-schema-graph\">{\"@context\":\"https:\\\/\\\/schema.org\",\"@graph\":[{\"@type\":\"WebPage\",\"@id\":\"https:\\\/\\\/bioenvasoseuropa.com\\\/es\\\/\",\"url\":\"https:\\\/\\\/bioenvasoseuropa.com\\\/es\\\/\",\"name\":\"Inicio - Bio-Envasos Europa S.A.\",\"isPartOf\":{\"@id\":\"https:\\\/\\\/bioenvasoseuropa.com\\\/es\\\/#website\"},\"datePublished\":\"2014-09-18T14:22:47+00:00\",\"dateModified\":\"2016-07-07T10:04:27+00:00\",\"description\":\"Bio-Envasos Europa \u00e9s l'empresa que comercialitza els productes del seu partner TECNO a Catalunya, en el camp de l\u2019embalatge alimentari, comercial i industrial, amb un ampli ventall de productes i amb una gran experi\u00e8ncia durant tots aquests anys en el mercat catal\u00e0.\",\"breadcrumb\":{\"@id\":\"https:\\\/\\\/bioenvasoseuropa.com\\\/es\\\/#breadcrumb\"},\"inLanguage\":\"es\",\"potentialAction\":[{\"@type\":\"ReadAction\",\"target\":[[\"https:\\\/\\\/bioenvasoseuropa.com\\\/es\\\/\"]]}]},{\"@type\":\"BreadcrumbList\",\"@id\":\"https:\\\/\\\/bioenvasoseuropa.com\\\/es\\\/#breadcrumb\",\"itemListElement\":[{\"@type\":\"ListItem\",\"position\":1,\"name\":\"Home\",\"item\":\"https:\\\/\\\/bioenvasoseuropa.com\\\/es\\\/\"},{\"@type\":\"ListItem\",\"position\":2,\"name\":\"Inici\"}]},{\"@type\":\"WebSite\",\"@id\":\"https:\\\/\\\/bioenvasoseuropa.com\\\/es\\\/#website\",\"url\":\"https:\\\/\\\/bioenvasoseuropa.com\\\/es\\\/\",\"name\":\"Bio-Envasos Europa S.A.\",\"description\":\"Embalaje alimentario, comercial e industrial\",\"publisher\":{\"@id\":\"https:\\\/\\\/bioenvasoseuropa.com\\\/es\\\/#organization\"},\"potentialAction\":[{\"@type\":\"SearchAction\",\"target\":{\"@type\":\"EntryPoint\",\"urlTemplate\":\"https:\\\/\\\/bioenvasoseuropa.com\\\/es\\\/?s={search_term_string}\"},\"query-input\":{\"@type\":\"PropertyValueSpecification\",\"valueRequired\":true,\"valueName\":\"search_term_string\"}}],\"inLanguage\":\"es\"},{\"@type\":\"Organization\",\"@id\":\"https:\\\/\\\/bioenvasoseuropa.com\\\/es\\\/#organization\",\"name\":\"Bio-Envasos Europa\",\"url\":\"https:\\\/\\\/bioenvasoseuropa.com\\\/es\\\/\",\"logo\":{\"@type\":\"ImageObject\",\"inLanguage\":\"es\",\"@id\":\"https:\\\/\\\/bioenvasoseuropa.com\\\/es\\\/#\\\/schema\\\/logo\\\/image\\\/\",\"url\":\"https:\\\/\\\/bioenvasoseuropa.com\\\/wp-content\\\/uploads\\\/bio-envasos-europa.jpg\",\"contentUrl\":\"https:\\\/\\\/bioenvasoseuropa.com\\\/wp-content\\\/uploads\\\/bio-envasos-europa.jpg\",\"width\":382,\"height\":147,\"caption\":\"Bio-Envasos Europa\"},\"image\":{\"@id\":\"https:\\\/\\\/bioenvasoseuropa.com\\\/es\\\/#\\\/schema\\\/logo\\\/image\\\/\"},\"sameAs\":[\"https:\\\/\\\/www.linkedin.com\\\/company\\\/10922555\"]}]}<\/script>\n<!-- \/ Yoast SEO plugin. -->","yoast_head_json":{"title":"Inicio - Bio-Envasos Europa S.A.","description":"Bio-Envasos Europa \u00e9s l'empresa que comercialitza els productes del seu partner TECNO a Catalunya, en el camp de l\u2019embalatge alimentari, comercial i industrial, amb un ampli ventall de productes i amb una gran experi\u00e8ncia durant tots aquests anys en el mercat catal\u00e0.","robots":{"index":"index","follow":"follow","max-snippet":"max-snippet:-1","max-image-preview":"max-image-preview:large","max-video-preview":"max-video-preview:-1"},"canonical":"https:\/\/bioenvasoseuropa.com\/es\/","og_locale":"es_ES","og_type":"article","og_title":"Inicio - Bio-Envasos Europa S.A.","og_description":"Bio-Envasos Europa \u00e9s l'empresa que comercialitza els productes del seu partner TECNO a Catalunya, en el camp de l\u2019embalatge alimentari, comercial i industrial, amb un ampli ventall de productes i amb una gran experi\u00e8ncia durant tots aquests anys en el mercat catal\u00e0.","og_url":"https:\/\/bioenvasoseuropa.com\/es\/","og_site_name":"Bio-Envasos Europa S.A.","article_modified_time":"2016-07-07T10:04:27+00:00","twitter_card":"summary_large_image","schema":{"@context":"https:\/\/schema.org","@graph":[{"@type":"WebPage","@id":"https:\/\/bioenvasoseuropa.com\/es\/","url":"https:\/\/bioenvasoseuropa.com\/es\/","name":"Inicio - Bio-Envasos Europa S.A.","isPartOf":{"@id":"https:\/\/bioenvasoseuropa.com\/es\/#website"},"datePublished":"2014-09-18T14:22:47+00:00","dateModified":"2016-07-07T10:04:27+00:00","description":"Bio-Envasos Europa \u00e9s l'empresa que comercialitza els productes del seu partner TECNO a Catalunya, en el camp de l\u2019embalatge alimentari, comercial i industrial, amb un ampli ventall de productes i amb una gran experi\u00e8ncia durant tots aquests anys en el mercat catal\u00e0.","breadcrumb":{"@id":"https:\/\/bioenvasoseuropa.com\/es\/#breadcrumb"},"inLanguage":"es","potentialAction":[{"@type":"ReadAction","target":[["https:\/\/bioenvasoseuropa.com\/es\/"]]}]},{"@type":"BreadcrumbList","@id":"https:\/\/bioenvasoseuropa.com\/es\/#breadcrumb","itemListElement":[{"@type":"ListItem","position":1,"name":"Home","item":"https:\/\/bioenvasoseuropa.com\/es\/"},{"@type":"ListItem","position":2,"name":"Inici"}]},{"@type":"WebSite","@id":"https:\/\/bioenvasoseuropa.com\/es\/#website","url":"https:\/\/bioenvasoseuropa.com\/es\/","name":"Bio-Envasos Europa S.A.","description":"Embalaje alimentario, comercial e industrial","publisher":{"@id":"https:\/\/bioenvasoseuropa.com\/es\/#organization"},"potentialAction":[{"@type":"SearchAction","target":{"@type":"EntryPoint","urlTemplate":"https:\/\/bioenvasoseuropa.com\/es\/?s={search_term_string}"},"query-input":{"@type":"PropertyValueSpecification","valueRequired":true,"valueName":"search_term_string"}}],"inLanguage":"es"},{"@type":"Organization","@id":"https:\/\/bioenvasoseuropa.com\/es\/#organization","name":"Bio-Envasos Europa","url":"https:\/\/bioenvasoseuropa.com\/es\/","logo":{"@type":"ImageObject","inLanguage":"es","@id":"https:\/\/bioenvasoseuropa.com\/es\/#\/schema\/logo\/image\/","url":"https:\/\/bioenvasoseuropa.com\/wp-content\/uploads\/bio-envasos-europa.jpg","contentUrl":"https:\/\/bioenvasoseuropa.com\/wp-content\/uploads\/bio-envasos-europa.jpg","width":382,"height":147,"caption":"Bio-Envasos Europa"},"image":{"@id":"https:\/\/bioenvasoseuropa.com\/es\/#\/schema\/logo\/image\/"},"sameAs":["https:\/\/www.linkedin.com\/company\/10922555"]}]}},"_links":{"self":[{"href":"https:\/\/bioenvasoseuropa.com\/es\/wp-json\/wp\/v2\/pages\/140","targetHints":{"allow":["GET"]}}],"collection":[{"href":"https:\/\/bioenvasoseuropa.com\/es\/wp-json\/wp\/v2\/pages"}],"about":[{"href":"https:\/\/bioenvasoseuropa.com\/es\/wp-json\/wp\/v2\/types\/page"}],"author":[{"embeddable":true,"href":"https:\/\/bioenvasoseuropa.com\/es\/wp-json\/wp\/v2\/users\/1"}],"replies":[{"embeddable":true,"href":"https:\/\/bioenvasoseuropa.com\/es\/wp-json\/wp\/v2\/comments?post=140"}],"version-history":[{"count":4,"href":"https:\/\/bioenvasoseuropa.com\/es\/wp-json\/wp\/v2\/pages\/140\/revisions"}],"predecessor-version":[{"id":1017,"href":"https:\/\/bioenvasoseuropa.com\/es\/wp-json\/wp\/v2\/pages\/140\/revisions\/1017"}],"wp:attachment":[{"href":"https:\/\/bioenvasoseuropa.com\/es\/wp-json\/wp\/v2\/media?parent=140"}],"curies":[{"name":"wp","href":"https:\/\/api.w.org\/{rel}","templated":true}]}}