{"id":269,"date":"2014-09-22T14:41:42","date_gmt":"2014-09-22T12:41:42","guid":{"rendered":"http:\/\/pivotwp.wpengine.com\/?page_id=269"},"modified":"2019-11-11T15:06:48","modified_gmt":"2019-11-11T13:06:48","slug":"catalogo-de-productos","status":"publish","type":"page","link":"https:\/\/bioenvasoseuropa.com\/es\/catalogo-de-productos\/","title":{"rendered":"Cat\u00e1logo de productos"},"content":{"rendered":"<p><div class=\"row\"><a href=\"#\" id=\"intro\" class=\"in-page-link\"><\/a><section class=\"aq-block dark-wrapper\"><div class=\"container\"><div class=\"row\"><div id=\"aq-block-1020-2\" class=\"aq-block aq-block-aq_section_title_block col-sm-12 aq-first aq-last \"><div class=\"text-center\"><h1 class=\"\">Cat\u00e1logo de productos<\/h1><\/div><div class=\"lead text-center \"><p>Si no encuentras\u00a0el producto que est\u00e1s buscando, cons\u00faltanos y seguro que te lo conseguimos.<\/p>\n<p>La mayor\u00eda\u00a0de art\u00edculos se pueden personalizar con vuestras impresiones.<\/p>\n<p>\u00a0<\/p>\n<\/div><\/div><\/div><\/div><\/section><div id=\"aq-block-1020-3\" class=\"aq-block aq-block-aq_portfolio_block col-sm-12 aq-first aq-last \">\t\n\t\t<section class=\"no-pad-bottom projects-gallery\">\n\t\t\t<div class=\"projects-wrapper clearfix\">\n\t\t\t\n\t\t\t\t\t\t\n\t\t\t\t\t\t\t\t\n\t\t\t\t\t<div class=\"projects-container\">\n\t\t\t\t\t\n\t\t\t\t\t\t<div id=\"portfolio-992\" class=\"col-md-3 col-sm-6 no-pad project image-holder productes\">\n\n\t<div class=\"background-image-holder\">\n\t\t<img loading=\"lazy\" decoding=\"async\" width=\"1200\" height=\"800\" src=\"https:\/\/bioenvasoseuropa.com\/wp-content\/uploads\/DSC_0646.jpg\" class=\"background-image wp-post-image\" alt=\"Parafinados, Kraft, reciclados y plastificados\" srcset=\"https:\/\/bioenvasoseuropa.com\/wp-content\/uploads\/DSC_0646.jpg 1200w, https:\/\/bioenvasoseuropa.com\/wp-content\/uploads\/DSC_0646-300x200.jpg 300w, https:\/\/bioenvasoseuropa.com\/wp-content\/uploads\/DSC_0646-768x512.jpg 768w, https:\/\/bioenvasoseuropa.com\/wp-content\/uploads\/DSC_0646-1024x683.jpg 1024w, https:\/\/bioenvasoseuropa.com\/wp-content\/uploads\/DSC_0646-600x400.jpg 600w\" sizes=\"auto, (max-width: 1200px) 100vw, 1200px\" \/>\t<\/div>\n\t\n\t<div class=\"hover-state\">\n\t\t<div class=\"align-vertical text-center\">\n\t\t\t<h1 class=\"text-white\"><strong>Papel alimentario<\/strong><\/h1>\t\t\t<p class=\"text-white ebor-limit-width\">BIO-ENVASOS EUROPA es una empresa especializada en papel alimentario, principalmente en plastificados. Los papeles se...<\/p>\n\t\t\t<a href=\"https:\/\/bioenvasoseuropa.com\/es\/portfolio\/papers\/\" class=\"btn btn-primary btn-white\">\n\t\t\t\tVer producto\t\t\t<\/a>\n\t\t<\/div>\n\t<\/div>\n\t\n<\/div><div id=\"portfolio-1150\" class=\"col-md-3 col-sm-6 no-pad project image-holder productes\">\n\n\t<div class=\"background-image-holder\">\n\t\t<img loading=\"lazy\" decoding=\"async\" width=\"1200\" height=\"800\" src=\"https:\/\/bioenvasoseuropa.com\/wp-content\/uploads\/Bosses-safates-compostables.jpg\" class=\"background-image wp-post-image\" alt=\"\" srcset=\"https:\/\/bioenvasoseuropa.com\/wp-content\/uploads\/Bosses-safates-compostables.jpg 1200w, https:\/\/bioenvasoseuropa.com\/wp-content\/uploads\/Bosses-safates-compostables-300x200.jpg 300w, https:\/\/bioenvasoseuropa.com\/wp-content\/uploads\/Bosses-safates-compostables-768x512.jpg 768w, https:\/\/bioenvasoseuropa.com\/wp-content\/uploads\/Bosses-safates-compostables-1024x683.jpg 1024w, https:\/\/bioenvasoseuropa.com\/wp-content\/uploads\/Bosses-safates-compostables-600x400.jpg 600w\" sizes=\"auto, (max-width: 1200px) 100vw, 1200px\" \/>\t<\/div>\n\t\n\t<div class=\"hover-state\">\n\t\t<div class=\"align-vertical text-center\">\n\t\t\t<h1 class=\"text-white\"><strong>Compostable<\/strong><\/h1>\t\t\t<p class=\"text-white ebor-limit-width\">BIO-ENVASOS EUROPA\u00a0apuesta por materiales compostables para mantenerse fiel a su compromiso con el medio ambiente....<\/p>\n\t\t\t<a href=\"https:\/\/bioenvasoseuropa.com\/es\/portfolio\/compostable\/\" class=\"btn btn-primary btn-white\">\n\t\t\t\tVer producto\t\t\t<\/a>\n\t\t<\/div>\n\t<\/div>\n\t\n<\/div><div id=\"portfolio-60\" class=\"col-md-3 col-sm-6 no-pad project image-holder productes\">\n\n\t<div class=\"background-image-holder\">\n\t\t<img loading=\"lazy\" decoding=\"async\" width=\"2000\" height=\"1481\" src=\"https:\/\/bioenvasoseuropa.com\/wp-content\/uploads\/DSC_4624.jpg\" class=\"background-image wp-post-image\" alt=\"Bolsa camiseta\" srcset=\"https:\/\/bioenvasoseuropa.com\/wp-content\/uploads\/DSC_4624.jpg 2000w, https:\/\/bioenvasoseuropa.com\/wp-content\/uploads\/DSC_4624-300x222.jpg 300w, https:\/\/bioenvasoseuropa.com\/wp-content\/uploads\/DSC_4624-768x569.jpg 768w, https:\/\/bioenvasoseuropa.com\/wp-content\/uploads\/DSC_4624-1024x758.jpg 1024w\" sizes=\"auto, (max-width: 2000px) 100vw, 2000px\" \/>\t<\/div>\n\t\n\t<div class=\"hover-state\">\n\t\t<div class=\"align-vertical text-center\">\n\t\t\t<h1 class=\"text-white\"><strong>Bolsas camiseta y alta densidad<\/strong><\/h1>\t\t\t<p class=\"text-white ebor-limit-width\">La bolsa de camiseta se fabrica en diferentes tama\u00f1os, galgas y colores de material. Adem\u00e1s,...<\/p>\n\t\t\t<a href=\"https:\/\/bioenvasoseuropa.com\/es\/portfolio\/a-standard-project\/\" class=\"btn btn-primary btn-white\">\n\t\t\t\tVer producto\t\t\t<\/a>\n\t\t<\/div>\n\t<\/div>\n\t\n<\/div><div id=\"portfolio-125\" class=\"col-md-3 col-sm-6 no-pad project image-holder productes\">\n\n\t<div class=\"background-image-holder\">\n\t\t<img loading=\"lazy\" decoding=\"async\" width=\"1200\" height=\"800\" src=\"https:\/\/bioenvasoseuropa.com\/wp-content\/uploads\/DSC_0738.jpg\" class=\"background-image wp-post-image\" alt=\"Tecasc y bolsas impresas al vac\u00edo\" srcset=\"https:\/\/bioenvasoseuropa.com\/wp-content\/uploads\/DSC_0738.jpg 1200w, https:\/\/bioenvasoseuropa.com\/wp-content\/uploads\/DSC_0738-300x200.jpg 300w, https:\/\/bioenvasoseuropa.com\/wp-content\/uploads\/DSC_0738-768x512.jpg 768w, https:\/\/bioenvasoseuropa.com\/wp-content\/uploads\/DSC_0738-1024x683.jpg 1024w, https:\/\/bioenvasoseuropa.com\/wp-content\/uploads\/DSC_0738-600x400.jpg 600w\" sizes=\"auto, (max-width: 1200px) 100vw, 1200px\" \/>\t<\/div>\n\t\n\t<div class=\"hover-state\">\n\t\t<div class=\"align-vertical text-center\">\n\t\t\t<h1 class=\"text-white\"><strong>Tecsac y bolsas al vac\u00edo<\/strong><\/h1>\t\t\t<p class=\"text-white ebor-limit-width\">Son bolsas ideales para charcuter\u00eda, para dispensar los productos en mejores condiciones. Cada d\u00eda son...<\/p>\n\t\t\t<a href=\"https:\/\/bioenvasoseuropa.com\/es\/portfolio\/advanced-project-1\/\" class=\"btn btn-primary btn-white\">\n\t\t\t\tVer producto\t\t\t<\/a>\n\t\t<\/div>\n\t<\/div>\n\t\n<\/div><div id=\"portfolio-993\" class=\"col-md-3 col-sm-6 no-pad project image-holder productes\">\n\n\t<div class=\"background-image-holder\">\n\t\t<img loading=\"lazy\" decoding=\"async\" width=\"4288\" height=\"2859\" src=\"https:\/\/bioenvasoseuropa.com\/wp-content\/uploads\/DSC_3819.jpg\" class=\"background-image wp-post-image\" alt=\"Bandeja para termosellar\" srcset=\"https:\/\/bioenvasoseuropa.com\/wp-content\/uploads\/DSC_3819.jpg 4288w, https:\/\/bioenvasoseuropa.com\/wp-content\/uploads\/DSC_3819-300x200.jpg 300w, https:\/\/bioenvasoseuropa.com\/wp-content\/uploads\/DSC_3819-768x512.jpg 768w, https:\/\/bioenvasoseuropa.com\/wp-content\/uploads\/DSC_3819-1024x683.jpg 1024w, https:\/\/bioenvasoseuropa.com\/wp-content\/uploads\/DSC_3819-600x400.jpg 600w\" sizes=\"auto, (max-width: 4288px) 100vw, 4288px\" \/>\t<\/div>\n\t\n\t<div class=\"hover-state\">\n\t\t<div class=\"align-vertical text-center\">\n\t\t\t<h1 class=\"text-white\"><strong>Bandejas<\/strong><\/h1>\t\t\t<p class=\"text-white ebor-limit-width\">BIO-ENVASOS EUROPA distribuye y comercializa gran variedad de bandejas para diferentes usos en el sector...<\/p>\n\t\t\t<a href=\"https:\/\/bioenvasoseuropa.com\/es\/portfolio\/safates\/\" class=\"btn btn-primary btn-white\">\n\t\t\t\tVer producto\t\t\t<\/a>\n\t\t<\/div>\n\t<\/div>\n\t\n<\/div><div id=\"portfolio-619\" class=\"col-md-3 col-sm-6 no-pad project image-holder productes\">\n\n\t<div class=\"background-image-holder\">\n\t\t<img loading=\"lazy\" decoding=\"async\" width=\"1600\" height=\"1067\" src=\"https:\/\/bioenvasoseuropa.com\/wp-content\/uploads\/DSC_4423.jpg\" class=\"background-image wp-post-image\" alt=\"Bolsa alargada para hornos\" srcset=\"https:\/\/bioenvasoseuropa.com\/wp-content\/uploads\/DSC_4423.jpg 1600w, https:\/\/bioenvasoseuropa.com\/wp-content\/uploads\/DSC_4423-300x200.jpg 300w, https:\/\/bioenvasoseuropa.com\/wp-content\/uploads\/DSC_4423-768x512.jpg 768w, https:\/\/bioenvasoseuropa.com\/wp-content\/uploads\/DSC_4423-1024x683.jpg 1024w, https:\/\/bioenvasoseuropa.com\/wp-content\/uploads\/DSC_4423-600x400.jpg 600w\" sizes=\"auto, (max-width: 1600px) 100vw, 1600px\" \/>\t<\/div>\n\t\n\t<div class=\"hover-state\">\n\t\t<div class=\"align-vertical text-center\">\n\t\t\t<h1 class=\"text-white\"><strong>Art\u00edculos para panader\u00edas y pasteler\u00edas<\/strong><\/h1>\t\t\t<p class=\"text-white ebor-limit-width\">BIO-ENVASOS EUROPA distribuye y comercializa todo tipo de art\u00edculos dirigidos a panader\u00edas y pasteler\u00edas, desde...<\/p>\n\t\t\t<a href=\"https:\/\/bioenvasoseuropa.com\/es\/portfolio\/an-images-project\/\" class=\"btn btn-primary btn-white\">\n\t\t\t\tVer producto\t\t\t<\/a>\n\t\t<\/div>\n\t<\/div>\n\t\n<\/div><div id=\"portfolio-127\" class=\"col-md-3 col-sm-6 no-pad project image-holder productes\">\n\n\t<div class=\"background-image-holder\">\n\t\t<img loading=\"lazy\" decoding=\"async\" width=\"2000\" height=\"1333\" src=\"https:\/\/bioenvasoseuropa.com\/wp-content\/uploads\/DSC_4436.jpg\" class=\"background-image wp-post-image\" alt=\"Bolsa de papel con asa retorcida\" srcset=\"https:\/\/bioenvasoseuropa.com\/wp-content\/uploads\/DSC_4436.jpg 2000w, https:\/\/bioenvasoseuropa.com\/wp-content\/uploads\/DSC_4436-300x200.jpg 300w, https:\/\/bioenvasoseuropa.com\/wp-content\/uploads\/DSC_4436-768x512.jpg 768w, https:\/\/bioenvasoseuropa.com\/wp-content\/uploads\/DSC_4436-1024x682.jpg 1024w, https:\/\/bioenvasoseuropa.com\/wp-content\/uploads\/DSC_4436-600x400.jpg 600w\" sizes=\"auto, (max-width: 2000px) 100vw, 2000px\" \/>\t<\/div>\n\t\n\t<div class=\"hover-state\">\n\t\t<div class=\"align-vertical text-center\">\n\t\t\t<h1 class=\"text-white\"><strong>Bolsas de papel y tela<\/strong><\/h1>\t\t\t<p class=\"text-white ebor-limit-width\">BIO-ENVASOS EUROPA comercializa una amplia gama de bolsas en diferentes calidades y materiales (papel, poli\u00e9ster,...<\/p>\n\t\t\t<a href=\"https:\/\/bioenvasoseuropa.com\/es\/portfolio\/advanced-project-2\/\" class=\"btn btn-primary btn-white\">\n\t\t\t\tVer producto\t\t\t<\/a>\n\t\t<\/div>\n\t<\/div>\n\t\n<\/div><div id=\"portfolio-618\" class=\"col-md-3 col-sm-6 no-pad project image-holder productes\">\n\n\t<div class=\"background-image-holder\">\n\t\t<img loading=\"lazy\" decoding=\"async\" width=\"1600\" height=\"1067\" src=\"https:\/\/bioenvasoseuropa.com\/wp-content\/uploads\/DSC_2936.jpg\" class=\"background-image wp-post-image\" alt=\"Surtido de productos TECNO\" srcset=\"https:\/\/bioenvasoseuropa.com\/wp-content\/uploads\/DSC_2936.jpg 1600w, https:\/\/bioenvasoseuropa.com\/wp-content\/uploads\/DSC_2936-300x200.jpg 300w, https:\/\/bioenvasoseuropa.com\/wp-content\/uploads\/DSC_2936-768x512.jpg 768w, https:\/\/bioenvasoseuropa.com\/wp-content\/uploads\/DSC_2936-1024x683.jpg 1024w, https:\/\/bioenvasoseuropa.com\/wp-content\/uploads\/DSC_2936-600x400.jpg 600w\" sizes=\"auto, (max-width: 1600px) 100vw, 1600px\" \/>\t<\/div>\n\t\n\t<div class=\"hover-state\">\n\t\t<div class=\"align-vertical text-center\">\n\t\t\t<h1 class=\"text-white\"><strong>Otros<\/strong><\/h1>\t\t\t<p class=\"text-white ebor-limit-width\">BIO-ENVASOS EUROPA es una empresa en constante crecimiento y renovaci\u00f3n. M\u00e1s all\u00e1 de la ampl\u00edsima...<\/p>\n\t\t\t<a href=\"https:\/\/bioenvasoseuropa.com\/es\/portfolio\/a-gallery-project\/\" class=\"btn btn-primary btn-white\">\n\t\t\t\tVer producto\t\t\t<\/a>\n\t\t<\/div>\n\t<\/div>\n\t\n<\/div>\t\t\t\t\t\n\t\t\t\t\t<\/div><!--end of projects-container-->\n\t\t\t\n\t\t\t\t\t\n\t\t\t<\/div><!--end of projects wrapper-->\n\t\t<\/section>\n\t\n\t<\/div><a href=\"#\" id=\"the-page-section-title\" class=\"in-page-link\"><\/a><section class=\"aq-block bg-secondary-1\"><div class=\"container\"><div class=\"row\"><div id=\"aq-block-1020-5\" class=\"aq-block aq-block-aq_ebor_text_block col-sm-12 aq-first aq-last \"><div class=\"feature\"><h1 class=\"text-white\">Bio-Envasos Europa cuenta con el sello de calidad OK COMPOST HOME e INDUSTRIAL<\/h1>\n<\/div><\/div><div id=\"aq-block-1020-6\" class=\"aq-block aq-block-aq_image_block col-sm-6 aq-first \">\t\t\n\t\t<div class=\"text-center\">\n\t\t\n\t\t\t\t\t\t\t<a href=\"https:\/\/bioenvasoseuropa.com\/wp-content\/uploads\/OK-COMPOST-HOME-1.pdf\">\n\t\t\t\t\t\t\n\t\t\t\t\t<img decoding=\"async\" src=\"https:\/\/bioenvasoseuropa.com\/wp-content\/uploads\/TA-OKH.png\" alt=\"aq_block_6\" \/>\n\t\t\t\n\t\t\t\t\t\t\t<\/a>\n\t\t\t\t\t\n\t\t<\/div>\n\t\t\n\t<\/div><div id=\"aq-block-1020-7\" class=\"aq-block aq-block-aq_image_block col-sm-6  aq-last \">\t\t\n\t\t<div class=\"text-center\">\n\t\t\n\t\t\t\t\t\t\t<a href=\"https:\/\/bioenvasoseuropa.com\/wp-content\/uploads\/TA8012004219_ES_Ed20210309.pdf\">\n\t\t\t\t\t\t\n\t\t\t\t\t<img decoding=\"async\" src=\"https:\/\/bioenvasoseuropa.com\/wp-content\/uploads\/ok-compost-200x100.png\" alt=\"aq_block_7\" \/>\n\t\t\t\n\t\t\t\t\t\t\t<\/a>\n\t\t\t\t\t\n\t\t<\/div>\n\t\t\n\t<\/div><\/div><\/div><\/section><\/div><\/p>","protected":false},"excerpt":{"rendered":"","protected":false},"author":1,"featured_media":0,"parent":0,"menu_order":0,"comment_status":"closed","ping_status":"closed","template":"page_page_builder_full_width.php","meta":{"footnotes":""},"class_list":["post-269","page","type-page","status-publish","hentry"],"yoast_head":"<!-- This site is optimized with the Yoast SEO plugin v27.5 - https:\/\/yoast.com\/product\/yoast-seo-wordpress\/ -->\n<title>Cat\u00e1logo de productos - Bio-Envasos Europa S.A.<\/title>\n<meta name=\"description\" content=\"Cat\u00e1logo de productos. Si no encuentras el producto que est\u00e1s buscando, cons\u00faltanos y seguro que te lo conseguimos.\" \/>\n<meta name=\"robots\" content=\"index, follow, max-snippet:-1, max-image-preview:large, max-video-preview:-1\" \/>\n<link rel=\"canonical\" href=\"https:\/\/bioenvasoseuropa.com\/es\/catalogo-de-productos\/\" \/>\n<meta property=\"og:locale\" content=\"es_ES\" \/>\n<meta property=\"og:type\" content=\"article\" \/>\n<meta property=\"og:title\" content=\"Cat\u00e1logo de productos - Bio-Envasos Europa S.A.\" \/>\n<meta property=\"og:description\" content=\"Cat\u00e1logo de productos. Si no encuentras el producto que est\u00e1s buscando, cons\u00faltanos y seguro que te lo conseguimos.\" \/>\n<meta property=\"og:url\" content=\"https:\/\/bioenvasoseuropa.com\/es\/catalogo-de-productos\/\" \/>\n<meta property=\"og:site_name\" content=\"Bio-Envasos Europa S.A.\" \/>\n<meta property=\"article:modified_time\" content=\"2019-11-11T13:06:48+00:00\" \/>\n<meta name=\"twitter:card\" content=\"summary_large_image\" \/>\n<script type=\"application\/ld+json\" class=\"yoast-schema-graph\">{\"@context\":\"https:\\\/\\\/schema.org\",\"@graph\":[{\"@type\":\"WebPage\",\"@id\":\"https:\\\/\\\/bioenvasoseuropa.com\\\/es\\\/catalogo-de-productos\\\/\",\"url\":\"https:\\\/\\\/bioenvasoseuropa.com\\\/es\\\/catalogo-de-productos\\\/\",\"name\":\"Cat\u00e1logo de productos - Bio-Envasos Europa S.A.\",\"isPartOf\":{\"@id\":\"https:\\\/\\\/bioenvasoseuropa.com\\\/es\\\/#website\"},\"datePublished\":\"2014-09-22T12:41:42+00:00\",\"dateModified\":\"2019-11-11T13:06:48+00:00\",\"description\":\"Cat\u00e1logo de productos. Si no encuentras el producto que est\u00e1s buscando, cons\u00faltanos y seguro que te lo conseguimos.\",\"breadcrumb\":{\"@id\":\"https:\\\/\\\/bioenvasoseuropa.com\\\/es\\\/catalogo-de-productos\\\/#breadcrumb\"},\"inLanguage\":\"es\",\"potentialAction\":[{\"@type\":\"ReadAction\",\"target\":[[\"https:\\\/\\\/bioenvasoseuropa.com\\\/es\\\/catalogo-de-productos\\\/\"]]}]},{\"@type\":\"BreadcrumbList\",\"@id\":\"https:\\\/\\\/bioenvasoseuropa.com\\\/es\\\/catalogo-de-productos\\\/#breadcrumb\",\"itemListElement\":[{\"@type\":\"ListItem\",\"position\":1,\"name\":\"Home\",\"item\":\"https:\\\/\\\/bioenvasoseuropa.com\\\/es\\\/\"},{\"@type\":\"ListItem\",\"position\":2,\"name\":\"Cat\u00e0leg de productes\"}]},{\"@type\":\"WebSite\",\"@id\":\"https:\\\/\\\/bioenvasoseuropa.com\\\/es\\\/#website\",\"url\":\"https:\\\/\\\/bioenvasoseuropa.com\\\/es\\\/\",\"name\":\"Bio-Envasos Europa S.A.\",\"description\":\"Embalaje alimentario, comercial e industrial\",\"publisher\":{\"@id\":\"https:\\\/\\\/bioenvasoseuropa.com\\\/es\\\/#organization\"},\"potentialAction\":[{\"@type\":\"SearchAction\",\"target\":{\"@type\":\"EntryPoint\",\"urlTemplate\":\"https:\\\/\\\/bioenvasoseuropa.com\\\/es\\\/?s={search_term_string}\"},\"query-input\":{\"@type\":\"PropertyValueSpecification\",\"valueRequired\":true,\"valueName\":\"search_term_string\"}}],\"inLanguage\":\"es\"},{\"@type\":\"Organization\",\"@id\":\"https:\\\/\\\/bioenvasoseuropa.com\\\/es\\\/#organization\",\"name\":\"Bio-Envasos Europa\",\"url\":\"https:\\\/\\\/bioenvasoseuropa.com\\\/es\\\/\",\"logo\":{\"@type\":\"ImageObject\",\"inLanguage\":\"es\",\"@id\":\"https:\\\/\\\/bioenvasoseuropa.com\\\/es\\\/#\\\/schema\\\/logo\\\/image\\\/\",\"url\":\"https:\\\/\\\/bioenvasoseuropa.com\\\/wp-content\\\/uploads\\\/bio-envasos-europa.jpg\",\"contentUrl\":\"https:\\\/\\\/bioenvasoseuropa.com\\\/wp-content\\\/uploads\\\/bio-envasos-europa.jpg\",\"width\":382,\"height\":147,\"caption\":\"Bio-Envasos Europa\"},\"image\":{\"@id\":\"https:\\\/\\\/bioenvasoseuropa.com\\\/es\\\/#\\\/schema\\\/logo\\\/image\\\/\"},\"sameAs\":[\"https:\\\/\\\/www.linkedin.com\\\/company\\\/10922555\"]}]}<\/script>\n<!-- \/ Yoast SEO plugin. -->","yoast_head_json":{"title":"Cat\u00e1logo de productos - Bio-Envasos Europa S.A.","description":"Cat\u00e1logo de productos. Si no encuentras el producto que est\u00e1s buscando, cons\u00faltanos y seguro que te lo conseguimos.","robots":{"index":"index","follow":"follow","max-snippet":"max-snippet:-1","max-image-preview":"max-image-preview:large","max-video-preview":"max-video-preview:-1"},"canonical":"https:\/\/bioenvasoseuropa.com\/es\/catalogo-de-productos\/","og_locale":"es_ES","og_type":"article","og_title":"Cat\u00e1logo de productos - Bio-Envasos Europa S.A.","og_description":"Cat\u00e1logo de productos. Si no encuentras el producto que est\u00e1s buscando, cons\u00faltanos y seguro que te lo conseguimos.","og_url":"https:\/\/bioenvasoseuropa.com\/es\/catalogo-de-productos\/","og_site_name":"Bio-Envasos Europa S.A.","article_modified_time":"2019-11-11T13:06:48+00:00","twitter_card":"summary_large_image","schema":{"@context":"https:\/\/schema.org","@graph":[{"@type":"WebPage","@id":"https:\/\/bioenvasoseuropa.com\/es\/catalogo-de-productos\/","url":"https:\/\/bioenvasoseuropa.com\/es\/catalogo-de-productos\/","name":"Cat\u00e1logo de productos - Bio-Envasos Europa S.A.","isPartOf":{"@id":"https:\/\/bioenvasoseuropa.com\/es\/#website"},"datePublished":"2014-09-22T12:41:42+00:00","dateModified":"2019-11-11T13:06:48+00:00","description":"Cat\u00e1logo de productos. Si no encuentras el producto que est\u00e1s buscando, cons\u00faltanos y seguro que te lo conseguimos.","breadcrumb":{"@id":"https:\/\/bioenvasoseuropa.com\/es\/catalogo-de-productos\/#breadcrumb"},"inLanguage":"es","potentialAction":[{"@type":"ReadAction","target":[["https:\/\/bioenvasoseuropa.com\/es\/catalogo-de-productos\/"]]}]},{"@type":"BreadcrumbList","@id":"https:\/\/bioenvasoseuropa.com\/es\/catalogo-de-productos\/#breadcrumb","itemListElement":[{"@type":"ListItem","position":1,"name":"Home","item":"https:\/\/bioenvasoseuropa.com\/es\/"},{"@type":"ListItem","position":2,"name":"Cat\u00e0leg de productes"}]},{"@type":"WebSite","@id":"https:\/\/bioenvasoseuropa.com\/es\/#website","url":"https:\/\/bioenvasoseuropa.com\/es\/","name":"Bio-Envasos Europa S.A.","description":"Embalaje alimentario, comercial e industrial","publisher":{"@id":"https:\/\/bioenvasoseuropa.com\/es\/#organization"},"potentialAction":[{"@type":"SearchAction","target":{"@type":"EntryPoint","urlTemplate":"https:\/\/bioenvasoseuropa.com\/es\/?s={search_term_string}"},"query-input":{"@type":"PropertyValueSpecification","valueRequired":true,"valueName":"search_term_string"}}],"inLanguage":"es"},{"@type":"Organization","@id":"https:\/\/bioenvasoseuropa.com\/es\/#organization","name":"Bio-Envasos Europa","url":"https:\/\/bioenvasoseuropa.com\/es\/","logo":{"@type":"ImageObject","inLanguage":"es","@id":"https:\/\/bioenvasoseuropa.com\/es\/#\/schema\/logo\/image\/","url":"https:\/\/bioenvasoseuropa.com\/wp-content\/uploads\/bio-envasos-europa.jpg","contentUrl":"https:\/\/bioenvasoseuropa.com\/wp-content\/uploads\/bio-envasos-europa.jpg","width":382,"height":147,"caption":"Bio-Envasos Europa"},"image":{"@id":"https:\/\/bioenvasoseuropa.com\/es\/#\/schema\/logo\/image\/"},"sameAs":["https:\/\/www.linkedin.com\/company\/10922555"]}]}},"_links":{"self":[{"href":"https:\/\/bioenvasoseuropa.com\/es\/wp-json\/wp\/v2\/pages\/269","targetHints":{"allow":["GET"]}}],"collection":[{"href":"https:\/\/bioenvasoseuropa.com\/es\/wp-json\/wp\/v2\/pages"}],"about":[{"href":"https:\/\/bioenvasoseuropa.com\/es\/wp-json\/wp\/v2\/types\/page"}],"author":[{"embeddable":true,"href":"https:\/\/bioenvasoseuropa.com\/es\/wp-json\/wp\/v2\/users\/1"}],"replies":[{"embeddable":true,"href":"https:\/\/bioenvasoseuropa.com\/es\/wp-json\/wp\/v2\/comments?post=269"}],"version-history":[{"count":6,"href":"https:\/\/bioenvasoseuropa.com\/es\/wp-json\/wp\/v2\/pages\/269\/revisions"}],"predecessor-version":[{"id":1174,"href":"https:\/\/bioenvasoseuropa.com\/es\/wp-json\/wp\/v2\/pages\/269\/revisions\/1174"}],"wp:attachment":[{"href":"https:\/\/bioenvasoseuropa.com\/es\/wp-json\/wp\/v2\/media?parent=269"}],"curies":[{"name":"wp","href":"https:\/\/api.w.org\/{rel}","templated":true}]}}